{"id":17055,"date":"2016-03-29T08:20:08","date_gmt":"2016-03-29T05:20:08","guid":{"rendered":"http:\/\/democontent.codex-themes.com\/thegem\/?page_id=17055"},"modified":"2024-02-24T01:56:38","modified_gmt":"2024-02-24T01:56:38","slug":"homepage-business-solutions","status":"publish","type":"page","link":"https:\/\/wp.psycom.com.mx\/","title":{"rendered":"Homepage"},"content":{"rendered":"<div class=\"wpb-content-wrapper\"><p>[vc_row css=&#8221;.vc_custom_1459337282173{margin-bottom: 0px !important;}&#8221;][vc_column][\/vc_column][vc_column][vc_separator][\/vc_column][\/vc_row][vc_row css=&#8221;.vc_custom_1461328924832{margin-bottom: 0px !important;}&#8221;][vc_column]<div class=\"quickfinder quickfinder-style-classic quickfinder-binded row inline-row quickfinder-icon-position-top-float quickfinder-alignment-right quickfinder-title-bold\" data-hover-icon-color=\"#ec8d22\" data-hover-box-color=\"#d8d8d8\" data-hover-title-color=\"#125da5\" data-hover-description-color=\"#707070\"><div id=\"post-17256\" data-ll-finish-delay=\"200\" class=\"quickfinder-item inline-column col-md-3 col-xs-6 quickfinder-item-effect-simple icon-size-medium quickfinder-box-style-solid lazy-loading post-17256 thegem_qf_item type-thegem_qf_item status-publish\" data-ll-item-delay=\"0\"> <div class=\"quickfinder-item-box\" style=\"\"> <div class=\"quickfinder-item-table\">\t<div class=\"quickfinder-item-inner\"> <div class=\"quickfinder-item-info-wrapper\"> <div class=\"quickfinder-item-info lazy-loading-item\" data-ll-item-delay=\"200\" data-ll-effect=\"fading\"> <div class=\"quickfinder-item-title\" style=\"color: #46485c;\">Evaluaciones en l\u00ednea<\/div> <div class=\"quickfinder-item-text\" style=\"color: #5f727f;\">Psicometr\u00eda en l\u00ednea<br \/>\nEvaluaci\u00f3n por competencia<br \/>\nDesarrollo de talento<\/div> <\/div> <\/div> <div class=\"quickfinder-item-image\"> <div class=\"quickfinder-item-image-content lazy-loading-item\" data-ll-item-delay=\"0\" data-ll-effect=\"clip\"> <div class=\"quickfinder-item-image-wrapper\"> <div class=\"gem-icon gem-icon-pack-material gem-icon-size-medium gem-icon-shape-circle gem-simple-icon\" style=\"opacity: 1;\"><div class=\"gem-icon-inner\" style=\"\"><span class=\"gem-icon-half-1\" style=\"color: #00BEF3;\"><span class=\"back-angle\">&#xf125;<\/span><\/span><span class=\"gem-icon-half-2\" style=\"color: #00BEF3;\"><span class=\"back-angle\">&#xf125;<\/span><\/span><\/div><\/div> <\/div> <\/div> <\/div> <\/div> <\/div>\t<\/div> <a href=\"https:\/\/wp.psycom.com.mx\/index.php\/services\/evaluaciones\/\" target=\"_self\" class=\"quickfinder-item-link\" aria-label=\"Evaluaciones en l\u00ednea\"><\/a> <\/div> <div id=\"post-17258\" data-ll-finish-delay=\"200\" class=\"quickfinder-item inline-column col-md-3 col-xs-6 quickfinder-item-effect-simple icon-size-medium quickfinder-box-style-solid lazy-loading post-17258 thegem_qf_item type-thegem_qf_item status-publish\" data-ll-item-delay=\"0\"> <div class=\"quickfinder-item-box\" style=\"\"> <div class=\"quickfinder-item-table\">\t<div class=\"quickfinder-item-inner\"> <div class=\"quickfinder-item-info-wrapper\"> <div class=\"quickfinder-item-info lazy-loading-item\" data-ll-item-delay=\"200\" data-ll-effect=\"fading\"> <div class=\"quickfinder-item-title\" style=\"color: #46485c;\">Clima Organizacional<\/div> <div class=\"quickfinder-item-text\" style=\"color: #5f727f;\">Conoce la percepci\u00f3n del personal respecto a las diferentes \u00e1reas de la organizaci\u00f3n.<\/div> <\/div> <\/div> <div class=\"quickfinder-item-image\"> <div class=\"quickfinder-item-image-content lazy-loading-item\" data-ll-item-delay=\"0\" data-ll-effect=\"clip\"> <div class=\"quickfinder-item-image-wrapper\"> <div class=\"gem-icon gem-icon-pack-material gem-icon-size-medium gem-icon-shape-circle gem-simple-icon\" style=\"opacity: 1;\"><div class=\"gem-icon-inner\" style=\"\"><span class=\"gem-icon-half-1\" style=\"color: #00BEF3;\"><span class=\"back-angle\">&#xf4aa;<\/span><\/span><span class=\"gem-icon-half-2\" style=\"color: #00BEF3;\"><span class=\"back-angle\">&#xf4aa;<\/span><\/span><\/div><\/div> <\/div> <\/div> <\/div> <\/div> <\/div>\t<\/div> <a href=\"https:\/\/wp.psycom.com.mx\/index.php\/clima-organizacional\/\" target=\"_self\" class=\"quickfinder-item-link\" aria-label=\"Clima Organizacional\"><\/a> <\/div> <div id=\"post-17259\" data-ll-finish-delay=\"200\" class=\"quickfinder-item inline-column col-md-3 col-xs-6 quickfinder-item-effect-simple icon-size-medium quickfinder-box-style-solid lazy-loading post-17259 thegem_qf_item type-thegem_qf_item status-publish\" data-ll-item-delay=\"0\"> <div class=\"quickfinder-item-box\" style=\"\"> <div class=\"quickfinder-item-table\">\t<div class=\"quickfinder-item-inner\"> <div class=\"quickfinder-item-info-wrapper\"> <div class=\"quickfinder-item-info lazy-loading-item\" data-ll-item-delay=\"200\" data-ll-effect=\"fading\"> <div class=\"quickfinder-item-title\" style=\"color: #46485c;\">Evaluaci\u00f3n 360<\/div> <div class=\"quickfinder-item-text\" style=\"color: #5f727f;\">La metodolog\u00eda de evaluaci\u00f3n de 360\u00b0 asegura una retroalimentaci\u00f3n eficaz<\/div> <\/div> <\/div> <div class=\"quickfinder-item-image\"> <div class=\"quickfinder-item-image-content lazy-loading-item\" data-ll-item-delay=\"0\" data-ll-effect=\"clip\"> <div class=\"quickfinder-item-image-wrapper\"> <div class=\"gem-icon gem-icon-pack-material gem-icon-size-medium gem-icon-shape-circle gem-simple-icon\" style=\"opacity: 1;\"><div class=\"gem-icon-inner\" style=\"\"><span class=\"gem-icon-half-1\" style=\"color: #00BEF3;\"><span class=\"back-angle\">&#xf4e2;<\/span><\/span><span class=\"gem-icon-half-2\" style=\"color: #00BEF3;\"><span class=\"back-angle\">&#xf4e2;<\/span><\/span><\/div><\/div> <\/div> <\/div> <\/div> <\/div> <\/div>\t<\/div> <a href=\"https:\/\/wp.psycom.com.mx\/index.php\/evaluacion-360-por-competencias\/\" target=\"_self\" class=\"quickfinder-item-link\" aria-label=\"Evaluaci\u00f3n 360\"><\/a> <\/div> <div id=\"post-17260\" data-ll-finish-delay=\"200\" class=\"quickfinder-item inline-column col-md-3 col-xs-6 quickfinder-item-effect-simple icon-size-medium quickfinder-box-style-solid lazy-loading post-17260 thegem_qf_item type-thegem_qf_item status-publish\" data-ll-item-delay=\"0\"> <div class=\"quickfinder-item-box\" style=\"\"> <div class=\"quickfinder-item-table\">\t<div class=\"quickfinder-item-inner\"> <div class=\"quickfinder-item-info-wrapper\"> <div class=\"quickfinder-item-info lazy-loading-item\" data-ll-item-delay=\"200\" data-ll-effect=\"fading\"> <div class=\"quickfinder-item-title\" style=\"color: #46485c;\">Reclutamiento y Selecci\u00f3n<\/div> <div class=\"quickfinder-item-text\" style=\"color: #5f727f;\">Candidatos pre-seleccionados y evaluados<br \/>\nCandidatos con las habilidades y experiencia<\/div> <\/div> <\/div> <div class=\"quickfinder-item-image\"> <div class=\"quickfinder-item-image-content lazy-loading-item\" data-ll-item-delay=\"0\" data-ll-effect=\"clip\"> <div class=\"quickfinder-item-image-wrapper\"> <div class=\"gem-icon gem-icon-pack-material gem-icon-size-medium gem-icon-shape-circle gem-simple-icon\" style=\"opacity: 1;\"><div class=\"gem-icon-inner\" style=\"\"><span class=\"gem-icon-half-1\" style=\"color: #00BEF3;\"><span class=\"back-angle\">&#xf3de;<\/span><\/span><span class=\"gem-icon-half-2\" style=\"color: #00BEF3;\"><span class=\"back-angle\">&#xf3de;<\/span><\/span><\/div><\/div> <\/div> <\/div> <\/div> <\/div> <\/div>\t<\/div> <a href=\"https:\/\/wp.psycom.com.mx\/index.php\/servicios-de-reclutamiento-y-seleccion\/\" target=\"_self\" class=\"quickfinder-item-link\" aria-label=\"Reclutamiento y Selecci\u00f3n\"><\/a> <\/div> <\/div>[\/vc_column][\/vc_row][vc_row css=&#8221;.vc_custom_1459424385912{margin-bottom: 0px !important;}&#8221; el_class=&#8221;center-title&#8221;][vc_column offset=&#8221;vc_col-lg-6 vc_col-md-12 vc_hidden-md vc_hidden-sm vc_col-xs-12 vc_hidden-xs&#8221; css=&#8221;.vc_custom_1545231205669{margin-bottom: 50px !important;}&#8221;]<div class=\"clearboth\"><\/div><style>#thegem-divider-69e34ce388ae1 {margin-top: -80px !important;}<\/style><div id=\"thegem-divider-69e34ce388ae1\" class=\"gem-divider  \" style=\"\" ><\/div>[vc_column_text css_animation=&#8221;bottom-to-top&#8221;]<\/p>\n<h4>Psicometr\u00eda y Evaluaci\u00f3n por Competencias en L\u00ednea<\/h4>\n<p>[\/vc_column_text][vc_column_text css_animation=&#8221;bottom-to-top&#8221;]<span style=\"color: #5f727f; display: inline-block; max-width: 600px; margin: 0 auto;\">Nuestras evaluaciones te permiten conocer si la persona es la id\u00f3nea para el puesto (adecuaci\u00f3n persona &#8211; puesto) as\u00ed como apreciar de forma num\u00e9rica en qu\u00e9 grado la persona posee las competencias requeridas.<br \/>\nBeneficios que Psycom tiene para ti<\/span>[\/vc_column_text][vc_row_inner][vc_column_inner]<div class=\"clearboth\"><\/div><style>#thegem-divider-69e34ce388b01 {margin-top: -10px !important;}<\/style><div id=\"thegem-divider-69e34ce388b01\" class=\"gem-divider  \" style=\"\" ><\/div>[vc_column_text css_animation=&#8221;bottom-to-top&#8221;]<\/p>\n<ul>\n<li>Reduce el tiempo que te toma evaluar al candidato.<\/li>\n<li>Tendr\u00e1s un reporte que apoye tu decisi\u00f3n en minutos.<\/li>\n<li>Obt\u00e9n un rendimiento en % y clasificaci\u00f3n en color que te permiten saber si la persona es apta para desempe\u00f1ar el puesto.<\/li>\n<li>Conoce las fortalezas y \u00e1rea de menor desarrollo de tu candidato.<\/li>\n<li>Conoce c\u00f3mo reacciona bajo presi\u00f3n.<\/li>\n<li>Identifica qu\u00e9 lo motiva.<\/li>\n<li>Obt\u00e9n recomendaciones para lograr lo mejor de tu candidato.<\/li>\n<li>En caso de venta conoce su estilo de venta y si es apto para ventas.<\/li>\n<li>Lo pueden contestar desde cualquier computadora con conexi\u00f3n de Internet.<\/li>\n<li>Obt\u00e9n una factura para hacer deducible el servicio.<\/li>\n<\/ul>\n<p><span style=\"color: #5f727f;\">Integramos los resultados de Psicometr\u00eda, evaluaciones por competencias y otros datos, para apoyar la Certificaci\u00f3n y Re-Certificaci\u00f3n ISO 9000<br \/>\n<\/span>[\/vc_column_text][\/vc_column_inner][\/vc_row_inner][\/vc_column][vc_column width=&#8221;1\/2&#8243; offset=&#8221;vc_hidden-md vc_hidden-sm vc_hidden-xs&#8221;]<div class=\"clearboth\"><\/div><style>#thegem-divider-69e34ce388b17 {margin-top: -80px !important;}<\/style><div id=\"thegem-divider-69e34ce388b17\" class=\"gem-divider  \" style=\"\" ><\/div>[vc_single_image image=&#8221;24796&#8243; img_size=&#8221;full&#8221; alignment=&#8221;right&#8221; css_animation=&#8221;bottom-to-top&#8221;][\/vc_column][\/vc_row][vc_row][vc_column][\/vc_column][\/vc_row][vc_row full_width=&#8221;stretch_row_content_no_spaces&#8221; css=&#8221;.vc_custom_1545137338646{margin-bottom: 0px !important;}&#8221; el_class=&#8221;z-index-full&#8221;][vc_column]<div class=\"clearboth\"><\/div><style>#thegem-divider-69e34ce388b29 {margin-top: -145px !important;}<\/style><div id=\"thegem-divider-69e34ce388b29\" class=\"gem-divider  \" style=\"\" ><\/div>[\/vc_column][\/vc_row][vc_row el_class=&#8221;text-center&#8221;][vc_column width=&#8221;1\/2&#8243; offset=&#8221;vc_col-lg-8 vc_col-md-7 vc_col-xs-12&#8243; css=&#8221;.vc_custom_1461329593023{padding-top: 50px !important;}&#8221;][vc_column_text css_animation=&#8221;bottom-to-top&#8221;]<\/p>\n<h1><span class=\"light\" style=\"color: #46485c;\">ContactO<\/span><\/h1>\n<p>[\/vc_column_text]<div class=\"clearboth\"><\/div><style>#thegem-divider-69e34ce388b3b {margin-top: 60px !important;}<\/style><div id=\"thegem-divider-69e34ce388b3b\" class=\"gem-divider  \" style=\"\" ><\/div>[vc_row_inner][vc_column_inner offset=&#8221;vc_col-lg-4 vc_col-md-6 vc_col-xs-12&#8243;][\/vc_column_inner][vc_column_inner offset=&#8221;vc_col-lg-8 vc_col-md-6 vc_col-xs-12&#8243;]<div class=\"gem-icon-with-text gem-icon-with-text-icon-size-small\" ><div style=\"margin-bottom:0px;margin-top:0px; \" class=\"gem-icon-with-text-icon\"><div class=\"gem-icon gem-icon-pack-elegant gem-icon-size-small  gem-icon-shape-square gem-simple-icon\"  style=\"opacity: 1;\"><div class=\"gem-icon-inner\" style=\"\"><span class=\"gem-icon-half-1\" style=\"color: #99a9b5;\"><span class=\"back-angle\">&#xe027;<\/span><\/span><span class=\"gem-icon-half-2\" style=\"color: #99a9b5;\"><span class=\"back-angle\">&#xe027;<\/span><\/span><\/div><\/div><\/div><div class=\"gem-icon-with-text-content\" ><div class=\"gem-icon-with-text-text\">[vc_column_text css_animation=&#8221;bottom-to-top&#8221;]<span style=\"color: #3c3950;\">Tel\u00e9fono:<\/span> <span style=\"color: #5f727f;\">+01 800 2 PSYCOM<\/span>[\/vc_column_text]<\/div><\/div><div class=\"clearboth\"><\/div><\/div><div class=\"clearboth\"><\/div><style>#thegem-divider-69e34ce388be3 {margin-top: -13px !important;}<\/style><div id=\"thegem-divider-69e34ce388be3\" class=\"gem-divider  \" style=\"\" ><\/div><div class=\"gem-icon-with-text gem-icon-with-text-icon-size-small\" ><div style=\"margin-bottom:0px;margin-top:0px; \" class=\"gem-icon-with-text-icon\"><div class=\"gem-icon gem-icon-pack-elegant gem-icon-size-small  gem-icon-shape-square gem-simple-icon\"  style=\"opacity: 1;\"><div class=\"gem-icon-inner\" style=\"\"><span class=\"gem-icon-half-1\" style=\"color: #99a9b5;\"><span class=\"back-angle\">&#x62;<\/span><\/span><span class=\"gem-icon-half-2\" style=\"color: #99a9b5;\"><span class=\"back-angle\">&#x62;<\/span><\/span><\/div><\/div><\/div><div class=\"gem-icon-with-text-content\" ><div class=\"gem-icon-with-text-text\">[vc_column_text css_animation=&#8221;bottom-to-top&#8221;]<span style=\"color: #3c3950;\">Tel\u00e9fono:<\/span> <span style=\"color: #5f727f;\">+01 800 2 779 266<\/span>[\/vc_column_text]<\/div><\/div><div class=\"clearboth\"><\/div><\/div><div class=\"clearboth\"><\/div><style>#thegem-divider-69e34ce388c70 {margin-top: -13px !important;}<\/style><div id=\"thegem-divider-69e34ce388c70\" class=\"gem-divider  \" style=\"\" ><\/div><div class=\"gem-icon-with-text gem-icon-with-text-icon-size-small\" ><div style=\"margin-bottom:0px;margin-top:-5px; \" class=\"gem-icon-with-text-icon\"><div class=\"gem-icon gem-icon-pack-elegant gem-icon-size-small  gem-icon-shape-square gem-simple-icon\"  style=\"opacity: 1;\"><div class=\"gem-icon-inner\" style=\"\"><span class=\"gem-icon-half-1\" style=\"color: #99a9b5;\"><span class=\"back-angle\">&#xe010;<\/span><\/span><span class=\"gem-icon-half-2\" style=\"color: #99a9b5;\"><span class=\"back-angle\">&#xe010;<\/span><\/span><\/div><\/div><\/div><div class=\"gem-icon-with-text-content\" ><div class=\"gem-icon-with-text-text\">[vc_column_text css_animation=&#8221;bottom-to-top&#8221;]<span style=\"color: #3c3950;\">Email:<\/span> <span style=\"color: #00ccff;\">adminpersonal@psycom.com.mx<\/span>[\/vc_column_text]<\/div><\/div><div class=\"clearboth\"><\/div><\/div>[\/vc_column_inner][\/vc_row_inner][\/vc_column][vc_column width=&#8221;1\/2&#8243; css_animation=&#8221;bottom-to-top&#8221; offset=&#8221;vc_col-lg-4 vc_col-md-5 vc_col-xs-12&#8243; css=&#8221;.vc_custom_1545303897470{padding-top: 50px !important;}&#8221;][vc_column_text css_animation=&#8221;bottom-to-top&#8221;]<\/p>\n<h1 style=\"text-align: center;\"><span class=\"light\" style=\"color: #46485c;\">siguenos<\/span><\/h1>\n<p>[\/vc_column_text]<div class=\"clearboth\"><\/div><style>#thegem-divider-69e34ce388cf9 {margin-top: 53px !important;}<\/style><div id=\"thegem-divider-69e34ce388cf9\" class=\"gem-divider  \" style=\"\" ><\/div>[vc_row_inner][vc_column_inner width=&#8221;1\/3&#8243; offset=&#8221;vc_col-xs-3&#8243;]<div class=\"socials socials-list socials-colored-hover socials-default socials-alignment-center\"><a class=\"socials-item\" target=\"_blank\" href=\"https:\/\/www.facebook.com\/people\/Psycom-Soluci%C3%B3n-de-Negocio\/100049285904501\/?sfnsn=scwspwa&mibextid=RUbZ1f\" style=\"color: #46485c;\"><i class=\"socials-item-icon facebook\" style=\"font-size: 36px\"><\/i><\/a><\/div>[\/vc_column_inner][vc_column_inner width=&#8221;1\/3&#8243; offset=&#8221;vc_col-xs-3&#8243;]<div class=\"socials socials-list socials-colored-hover socials-default socials-alignment-center\"><a class=\"socials-item\" target=\"_blank\" href=\"https:\/\/www.instagram.com\/rhpsycom\/?igsh=bmFnYXg4czFzOTFu\" style=\"color: #46485c;\"><i class=\"socials-item-icon instagram\" style=\"font-size: 36px\"><\/i><\/a><\/div>[\/vc_column_inner][vc_column_inner width=&#8221;1\/3&#8243;]<div class=\"socials socials-list socials-colored-hover socials-default socials-alignment-center\"><a class=\"socials-item\" target=\"_blank\" href=\"https:\/\/www.linkedin.com\/company\/psycom-solucion-de-negocio\/about\/\" style=\"color: #46485c;\"><i class=\"socials-item-icon linkedin\" style=\"font-size: 36px\"><\/i><\/a><\/div>[\/vc_column_inner][\/vc_row_inner][\/vc_column][\/vc_row]<\/p>\n<\/div>","protected":false},"excerpt":{"rendered":"<p>[vc_row css=&#8221;.vc_custom_1459337282173{margin-bottom: 0px !important;}&#8221;][vc_column][\/vc_column][vc_column][vc_separator][\/vc_column][\/vc_row][vc_row css=&#8221;.vc_custom_1461328924832{margin-bottom: 0px !important;}&#8221;][vc_column][\/vc_column][\/vc_row][vc_row css=&#8221;.vc_custom_1459424385912{margin-bottom: 0px !important;}&#8221; el_class=&#8221;center-title&#8221;][vc_column offset=&#8221;vc_col-lg-6 vc_col-md-12 vc_hidden-md vc_hidden-sm vc_col-xs-12 vc_hidden-xs&#8221; css=&#8221;.vc_custom_1545231205669{margin-bottom: 50px !important;}&#8221;][vc_column_text&#8230;<\/p>\n","protected":false},"author":1,"featured_media":0,"parent":0,"menu_order":0,"comment_status":"closed","ping_status":"closed","template":"","meta":{"footnotes":""},"class_list":["post-17055","page","type-page","status-publish"],"_links":{"self":[{"href":"https:\/\/wp.psycom.com.mx\/index.php\/wp-json\/wp\/v2\/pages\/17055","targetHints":{"allow":["GET"]}}],"collection":[{"href":"https:\/\/wp.psycom.com.mx\/index.php\/wp-json\/wp\/v2\/pages"}],"about":[{"href":"https:\/\/wp.psycom.com.mx\/index.php\/wp-json\/wp\/v2\/types\/page"}],"author":[{"embeddable":true,"href":"https:\/\/wp.psycom.com.mx\/index.php\/wp-json\/wp\/v2\/users\/1"}],"replies":[{"embeddable":true,"href":"https:\/\/wp.psycom.com.mx\/index.php\/wp-json\/wp\/v2\/comments?post=17055"}],"version-history":[{"count":27,"href":"https:\/\/wp.psycom.com.mx\/index.php\/wp-json\/wp\/v2\/pages\/17055\/revisions"}],"predecessor-version":[{"id":25190,"href":"https:\/\/wp.psycom.com.mx\/index.php\/wp-json\/wp\/v2\/pages\/17055\/revisions\/25190"}],"wp:attachment":[{"href":"https:\/\/wp.psycom.com.mx\/index.php\/wp-json\/wp\/v2\/media?parent=17055"}],"curies":[{"name":"wp","href":"https:\/\/api.w.org\/{rel}","templated":true}]}}